{"id":2750,"date":"2021-11-08T12:24:08","date_gmt":"2021-11-08T11:24:08","guid":{"rendered":"https:\/\/www.hotelcharlesv.fr\/?page_id=2750"},"modified":"2021-12-15T11:10:41","modified_gmt":"2021-12-15T10:10:41","slug":"medidas-sanitarias","status":"publish","type":"page","link":"https:\/\/www.hotelcharlesv.fr\/es\/mesures-sanitaires\/","title":{"rendered":"Medidas sanitarias"},"content":{"rendered":"<div data-elementor-type=\"wp-page\" data-elementor-id=\"2750\" class=\"elementor elementor-2750\" data-elementor-post-type=\"page\">\n\t\t\t\t\t\t<section class=\"ob-is-breaking-bad elementor-section elementor-top-section elementor-element elementor-element-1a34808 elementor-section-full_width elementor-section-height-min-height elementor-section-height-default elementor-section-items-middle\" data-id=\"1a34808\" data-element_type=\"section\" data-e-type=\"section\" data-settings=\"{&quot;_ob_bbad_use_it&quot;:&quot;yes&quot;,&quot;_ob_bbad_sssic_use&quot;:&quot;no&quot;,&quot;_ob_glider_is_slider&quot;:&quot;no&quot;}\">\n\t\t\t\t\t\t<div class=\"elementor-container elementor-column-gap-no\">\n\t\t\t\t\t<div class=\"elementor-column elementor-col-100 elementor-top-column elementor-element elementor-element-983c50e\" data-id=\"983c50e\" data-element_type=\"column\" data-e-type=\"column\" data-settings=\"{&quot;_ob_bbad_is_stalker&quot;:&quot;no&quot;,&quot;_ob_teleporter_use&quot;:false,&quot;_ob_column_hoveranimator&quot;:&quot;no&quot;,&quot;_ob_column_has_pseudo&quot;:&quot;no&quot;}\">\n\t\t\t<div class=\"elementor-widget-wrap elementor-element-populated\">\n\t\t\t\t\t\t<div class=\"elementor-element elementor-element-48cb772 elementor--h-position-center elementor--v-position-middle elementor-arrows-position-inside elementor-pagination-position-inside ob-has-background-overlay elementor-widget elementor-widget-slides\" data-id=\"48cb772\" data-element_type=\"widget\" data-e-type=\"widget\" data-settings=\"{&quot;navigation&quot;:&quot;both&quot;,&quot;infinite&quot;:&quot;yes&quot;,&quot;transition&quot;:&quot;slide&quot;,&quot;transition_speed&quot;:500,&quot;_ob_perspektive_use&quot;:&quot;no&quot;,&quot;_ob_poopart_use&quot;:&quot;yes&quot;,&quot;_ob_shadough_use&quot;:&quot;no&quot;,&quot;_ob_allow_hoveranimator&quot;:&quot;no&quot;,&quot;_ob_widget_stalker_use&quot;:&quot;no&quot;}\" data-widget_type=\"slides.default\">\n\t\t\t\t<div class=\"elementor-widget-container\">\n\t\t\t\t\t\t\t\t\t<div class=\"elementor-swiper\">\n\t\t\t\t\t<div class=\"elementor-slides-wrapper elementor-main-swiper swiper\" role=\"region\" aria-roledescription=\"carousel\" aria-label=\"Diapositivas\" dir=\"ltr\" data-animation=\"fadeInUp\">\n\t\t\t\t<div class=\"swiper-wrapper elementor-slides\">\n\t\t\t\t\t\t\t\t\t\t<div class=\"elementor-repeater-item-642deba swiper-slide\" role=\"group\" aria-roledescription=\"slide\"><div class=\"swiper-slide-bg\" role=\"img\" aria-label=\"Notre Dame desde arriba, Par\u00eds\"><\/div><div class=\"elementor-background-overlay\"><\/div><div class=\"swiper-slide-inner\" ><div class=\"swiper-slide-contents\"><\/div><\/div><\/div>\t\t\t\t<\/div>\n\t\t\t\t\t\t\t<\/div>\n\t\t\t\t<\/div>\n\t\t\t\t\t\t\t\t<\/div>\n\t\t\t\t<\/div>\n\t\t\t\t\t<\/div>\n\t\t<\/div>\n\t\t\t\t\t<\/div>\n\t\t<\/section>\n\t\t\t\t<section class=\"ob-is-breaking-bad elementor-section elementor-top-section elementor-element elementor-element-7964bb2 elementor-section-full_width elementor-section-height-default elementor-section-height-default\" data-id=\"7964bb2\" data-element_type=\"section\" data-e-type=\"section\" data-settings=\"{&quot;background_background&quot;:&quot;classic&quot;,&quot;_ob_bbad_use_it&quot;:&quot;yes&quot;,&quot;_ob_bbad_sssic_use&quot;:&quot;no&quot;,&quot;_ob_glider_is_slider&quot;:&quot;no&quot;}\">\n\t\t\t\t\t\t<div class=\"elementor-container elementor-column-gap-default\">\n\t\t\t\t\t<div class=\"elementor-column elementor-col-100 elementor-top-column elementor-element elementor-element-9ba019e\" data-id=\"9ba019e\" data-element_type=\"column\" data-e-type=\"column\" data-settings=\"{&quot;_ob_bbad_is_stalker&quot;:&quot;no&quot;,&quot;_ob_teleporter_use&quot;:false,&quot;_ob_column_hoveranimator&quot;:&quot;no&quot;,&quot;_ob_column_has_pseudo&quot;:&quot;no&quot;}\">\n\t\t\t<div class=\"elementor-widget-wrap elementor-element-populated\">\n\t\t\t\t\t\t<div class=\"elementor-element elementor-element-caab46f elementor-absolute ob-harakiri-inherit ob-has-background-overlay elementor-widget elementor-widget-heading\" data-id=\"caab46f\" data-element_type=\"widget\" data-e-type=\"widget\" data-settings=\"{&quot;_ob_shadough_use&quot;:&quot;yes&quot;,&quot;_position&quot;:&quot;absolute&quot;,&quot;_ob_use_harakiri&quot;:&quot;yes&quot;,&quot;_ob_harakiri_writing_mode&quot;:&quot;inherit&quot;,&quot;_ob_harakiri_text_clip&quot;:&quot;none&quot;,&quot;_ob_perspektive_use&quot;:&quot;no&quot;,&quot;_ob_poopart_use&quot;:&quot;yes&quot;,&quot;_ob_widget_stalker_use&quot;:&quot;no&quot;}\" data-widget_type=\"heading.default\">\n\t\t\t\t<div class=\"elementor-widget-container\">\n\t\t\t\t\t<h1 class=\"elementor-heading-title elementor-size-default\"><a href=\"#covid\">Medidas sanitarias<\/a><\/h1>\t\t\t\t<\/div>\n\t\t\t\t<\/div>\n\t\t\t\t\t<\/div>\n\t\t<\/div>\n\t\t\t\t\t<\/div>\n\t\t<\/section>\n\t\t\t\t<section class=\"ob-is-breaking-bad elementor-section elementor-top-section elementor-element elementor-element-e3c7f74 elementor-section-full_width elementor-section-height-default elementor-section-height-default\" data-id=\"e3c7f74\" data-element_type=\"section\" data-e-type=\"section\" data-settings=\"{&quot;background_background&quot;:&quot;classic&quot;,&quot;_ob_bbad_use_it&quot;:&quot;yes&quot;,&quot;_ob_bbad_sssic_use&quot;:&quot;no&quot;,&quot;_ob_glider_is_slider&quot;:&quot;no&quot;}\">\n\t\t\t\t\t\t\t<div class=\"elementor-background-overlay\"><\/div>\n\t\t\t\t\t\t\t<div class=\"elementor-container elementor-column-gap-no\">\n\t\t\t\t\t<div class=\"elementor-column elementor-col-100 elementor-top-column elementor-element elementor-element-1fb6445\" data-id=\"1fb6445\" data-element_type=\"column\" data-e-type=\"column\" data-settings=\"{&quot;_ob_bbad_is_stalker&quot;:&quot;no&quot;,&quot;_ob_teleporter_use&quot;:false,&quot;_ob_column_hoveranimator&quot;:&quot;no&quot;,&quot;_ob_column_has_pseudo&quot;:&quot;no&quot;}\">\n\t\t\t<div class=\"elementor-widget-wrap elementor-element-populated\">\n\t\t\t\t\t\t<section class=\"ob-is-breaking-bad ob-bb-inner elementor-section elementor-inner-section elementor-element elementor-element-d6375c1 elementor-section-boxed elementor-section-height-default elementor-section-height-default\" data-id=\"d6375c1\" data-element_type=\"section\" data-e-type=\"section\" data-settings=\"{&quot;_ob_bbad_use_it&quot;:&quot;yes&quot;,&quot;_ob_bbad_sssic_use&quot;:&quot;no&quot;,&quot;_ob_glider_is_slider&quot;:&quot;no&quot;}\">\n\t\t\t\t\t\t<div class=\"elementor-container elementor-column-gap-default\">\n\t\t\t\t\t<div class=\"elementor-column elementor-col-100 elementor-inner-column elementor-element elementor-element-da63dde\" data-id=\"da63dde\" data-element_type=\"column\" data-e-type=\"column\" data-settings=\"{&quot;_ob_bbad_is_stalker&quot;:&quot;no&quot;,&quot;_ob_teleporter_use&quot;:false,&quot;_ob_column_hoveranimator&quot;:&quot;no&quot;,&quot;_ob_column_has_pseudo&quot;:&quot;no&quot;}\">\n\t\t\t<div class=\"elementor-widget-wrap elementor-element-populated\">\n\t\t\t\t\t\t<div class=\"elementor-element elementor-element-fffc5c4 ob-has-background-overlay elementor-widget elementor-widget-menu-anchor\" data-id=\"fffc5c4\" data-element_type=\"widget\" data-e-type=\"widget\" data-settings=\"{&quot;_ob_perspektive_use&quot;:&quot;no&quot;,&quot;_ob_poopart_use&quot;:&quot;yes&quot;,&quot;_ob_shadough_use&quot;:&quot;no&quot;,&quot;_ob_allow_hoveranimator&quot;:&quot;no&quot;,&quot;_ob_widget_stalker_use&quot;:&quot;no&quot;}\" data-widget_type=\"menu-anchor.default\">\n\t\t\t\t<div class=\"elementor-widget-container\">\n\t\t\t\t\t\t\t<div class=\"elementor-menu-anchor\" id=\"covid\"><\/div>\n\t\t\t\t\t\t<\/div>\n\t\t\t\t<\/div>\n\t\t\t\t<div class=\"elementor-element elementor-element-3435711 ob-harakiri-inherit ob-has-background-overlay elementor-widget elementor-widget-text-editor\" data-id=\"3435711\" data-element_type=\"widget\" data-e-type=\"widget\" data-settings=\"{&quot;_ob_use_harakiri&quot;:&quot;yes&quot;,&quot;_ob_harakiri_writing_mode&quot;:&quot;inherit&quot;,&quot;_ob_postman_use&quot;:&quot;no&quot;,&quot;_ob_perspektive_use&quot;:&quot;no&quot;,&quot;_ob_poopart_use&quot;:&quot;yes&quot;,&quot;_ob_shadough_use&quot;:&quot;no&quot;,&quot;_ob_allow_hoveranimator&quot;:&quot;no&quot;,&quot;_ob_widget_stalker_use&quot;:&quot;no&quot;}\" data-widget_type=\"text-editor.default\">\n\t\t\t\t<div class=\"elementor-widget-container\">\n\t\t\t\t\t\t\t\t\t<h2>Medidas sanitarias en Carlos V<\/h2><p>El bienestar y la salud de nuestros clientes siempre ha sido nuestra prioridad.<\/p><p>Queremos seguir ofreciendo una experiencia \u00fanica y de calidad a nuestros hu\u00e9spedes, al tiempo que garantizamos un entorno seguro durante esta situaci\u00f3n sanitaria excepcional.<\/p><p>En este sentido, hemos desarrollado protocolos sanitarios en el Hotel Charles V de acuerdo con las \u00faltimas directivas gubernamentales para recibir a nuestros hu\u00e9spedes con total seguridad.<\/p><p>Por lo tanto, pedimos a nuestros clientes que presenten un \"PASO SANITARIO\" de <br \/>01 de septiembre de 2021.<\/p>\t\t\t\t\t\t\t\t<\/div>\n\t\t\t\t<\/div>\n\t\t\t\t<div class=\"elementor-element elementor-element-537c2e0 elementor-widget-divider--view-line_icon elementor-view-default elementor-widget-divider--element-align-center ob-has-background-overlay elementor-widget elementor-widget-divider\" data-id=\"537c2e0\" data-element_type=\"widget\" data-e-type=\"widget\" data-settings=\"{&quot;_ob_perspektive_use&quot;:&quot;no&quot;,&quot;_ob_poopart_use&quot;:&quot;yes&quot;,&quot;_ob_shadough_use&quot;:&quot;no&quot;,&quot;_ob_allow_hoveranimator&quot;:&quot;no&quot;,&quot;_ob_widget_stalker_use&quot;:&quot;no&quot;}\" data-widget_type=\"divider.default\">\n\t\t\t\t<div class=\"elementor-widget-container\">\n\t\t\t\t\t\t\t<div class=\"elementor-divider\">\n\t\t\t<span class=\"elementor-divider-separator\">\n\t\t\t\t\t\t\t<div class=\"elementor-icon elementor-divider__element\">\n\t\t\t\t\t<svg xmlns=\"http:\/\/www.w3.org\/2000\/svg\" width=\"224.861\" height=\"32.458\" viewbox=\"0 0 224.861 32.458\"><g id=\"Groupe_141\" data-name=\"Groupe 141\" transform=\"translate(-108.632 -1188.217)\"><path id=\"Trac&#xE9;_1\" data-name=\"Trac&#xE9; 1\" d=\"M125.166,34.514a7.32,7.32,0,0,1-4.507-2.112c-1.287-1.4-1.818-3.406-1.594-5.972a8.758,8.758,0,0,1,2.906-6.254,9.829,9.829,0,0,1,6.254-1.978.119.119,0,0,1,.045.013.091.091,0,0,1,.058.09.088.088,0,0,1-.064.083,9.934,9.934,0,0,0-4.839,2.829,7.787,7.787,0,0,0-1.773,5.953,9.4,9.4,0,0,0,3.578,7.2.088.088,0,0,1-.051.16.02.02,0,0,0-.013-.006m1.85-.294c-2.58-1.306-4.026-3.713-4.3-7.144a6.72,6.72,0,0,1,1.5-5.16,7.958,7.958,0,0,1,3.149-2.112.1.1,0,0,1,.1.026.087.087,0,0,1,.006.1c-1.479,2.26-1.133,5.774.941,9.4a8.616,8.616,0,0,1,1.171,5.633.084.084,0,0,1-.09.07h-.013a8.733,8.733,0,0,1-2.477-.813m3.3,1.837a.1.1,0,0,1-.026-.083c.077-.314.154-.755.16-.768a9.5,9.5,0,0,0-1.255-6.312,13.015,13.015,0,0,1-1.658-4.635.086.086,0,0,1,.058-.1.094.094,0,0,1,.109.038,6.113,6.113,0,0,0,2.925,2.3c.006,0,.013.006.019.013a8.969,8.969,0,0,1,3.3,8.392,15.956,15.956,0,0,1-1.293,4.692.083.083,0,0,1-.077.051h0a.083.083,0,0,1-.077-.051l-.448-.883h0a9.253,9.253,0,0,0-1.741-2.657m3.854,2.337a.085.085,0,0,1-.045-.109,16.215,16.215,0,0,0,.717-3.258,10.073,10.073,0,0,0-1.9-7.438.087.087,0,0,1,0-.109.089.089,0,0,1,.109-.026,5.254,5.254,0,0,1,1.76,1.159.006.006,0,0,0,.006.006c2.01,2.477,1.831,5.755-.531,9.749a.1.1,0,0,1-.077.045c-.013-.013-.026-.013-.038-.019m1.011-14.461a4.331,4.331,0,0,1-.666,1.331,1.415,1.415,0,0,0-.4.679,2.193,2.193,0,0,1-.391.736.082.082,0,0,1-.064.026.081.081,0,0,1-.038-.006c-.32-.147-.64-.269-.915-.371s-.512-.192-.717-.294l-.058-.019c-.32-.109-.634-.224-.941-.358l-1.133-.6c-1.415-.922-2.023-2.125-1.7-3.38a3.093,3.093,0,0,1,3.085-2.33.115.115,0,0,1,.058.026,17.672,17.672,0,0,1,1.229,1.4c.013.026.026.038.032.051a.121.121,0,0,1,.013.051l-.006.032a1.117,1.117,0,0,0,.173.787,5.923,5.923,0,0,0,1.306,1.216,10.5,10.5,0,0,1,1.114.967c.026.006.032.038.026.064m-25.791,22.1a6.323,6.323,0,0,0,5.678,3.514h7.65l-1.28-3.5a.455.455,0,0,0-.346-.307l-1.5-.115,1.05.986a.035.035,0,0,1,.019.032l.711,1.856a.081.081,0,0,1-.013.083.091.091,0,0,1-.077.038h-6.222a5.435,5.435,0,1,1,0-10.87h.346a6.408,6.408,0,0,0,5.659-3.476.1.1,0,0,1,.058-.045.089.089,0,0,1,.07.013,9.261,9.261,0,0,0,5.172,1.428c1.984.013,3.553.026,5.364,4.647a.088.088,0,0,1-.032.1l-1.011.749A4.1,4.1,0,0,0,129.1,44a8.365,8.365,0,0,0-.179,1.767.472.472,0,0,0,.378.448l2.112.378a.1.1,0,0,1,.07.064l.557,1.818a.1.1,0,0,1-.013.077.089.089,0,0,1-.07.038h-3a.1.1,0,0,1-.077-.045l-1.171-1.94c-.006-.013-.013-.019-.013-.032-.045-.339-.288-2.125-.576-4.033-.2-1.338-.384-2.42-.538-3.233a3.931,3.931,0,0,0-1.549-2.49l-.09,1.28a2.92,2.92,0,0,1,.73,1.383c.1.551.218,1.229.346,2.016a.083.083,0,0,1-.032.083.077.077,0,0,1-.09.006,5.651,5.651,0,0,0-5.307.243.077.077,0,0,1-.1-.006.093.093,0,0,1-.038-.09c.051-.333.083-1.024.083-1.024l-.019-.4v-.019a.6.6,0,0,1,.352-.634l-.013-.026-.25.1h-.013l-2,.819.013.026c.531-.083.685.154.954.807a.109.109,0,0,1,.006.045,5.447,5.447,0,0,1-5.384,4.7l-.7.013.749.909a6.344,6.344,0,0,0,5.569-3.374.089.089,0,0,1,.019-.026c.019-.019.038-.032.058-.051a4.734,4.734,0,0,1,6.325-.781.115.115,0,0,1,.038.058c.307,2.023.557,3.9.557,3.924a.411.411,0,0,0,.07.192l1.4,2.292a.466.466,0,0,0,.384.211h4.705l-.2-.608-.9-2.849a.453.453,0,0,0-.358-.307l-1.972-.352a.08.08,0,0,1-.07-.09c.032-.615.224-2.663,1.338-3.348.013-.006.019-.013.032-.019l.819-.6a.088.088,0,0,1,.115.006l.57.768c.179-.224.647-.794.736-.928a20.294,20.294,0,0,0,3.181-5.972c.493-1.684.851-4.058-.224-5.844a5.2,5.2,0,0,0-1.2-1.632c-.186-.2-.378-.39-.6-.589a.088.088,0,0,1-.013-.115,4.164,4.164,0,0,0,.358-.749c.032-.09.083-.211.115-.275a.088.088,0,0,1,.019-.026,8.657,8.657,0,0,0,.992-2.221,6.926,6.926,0,0,0-1.485-1.575,8.088,8.088,0,0,1-1.069-.941.064.064,0,0,1-.006-.019.119.119,0,0,1-.013-.045c-.006-.058-.051-.454-.077-.711-.32-.467-1.517-1.773-1.652-1.908l-.019-.019-.019-.019a5.073,5.073,0,0,0-2.234-1.2,4.744,4.744,0,0,0-.9-.16c-.013,0-.026-.013-.038-.019a10.841,10.841,0,0,0-7.291,2.2,9.8,9.8,0,0,0-3.3,7c-.256,2.881.378,5.172,1.882,6.8q.211.23.442.442a.08.08,0,0,1,.019.1,5.449,5.449,0,0,1-4.929,3.156h-.346a6.364,6.364,0,0,0-6.357,6.357,1.232,1.232,0,0,0,.006.154v.051a.085.085,0,0,1-.077.09.082.082,0,0,1-.1-.07l-.275-1.536a3.914,3.914,0,0,1-.058-.647,5.214,5.214,0,0,1,5.076-5.339l.326-.006a6.682,6.682,0,0,0,1.127-.134h.013l.077-.019a6.974,6.974,0,0,0,1.869-.634,1.743,1.743,0,0,0,.826-1.613,2.685,2.685,0,0,0-1.351-1.92l-.051-.032-2.189,1.818.083.179a2.027,2.027,0,0,1,1.4-.474,1.149,1.149,0,0,1,.813.6.105.105,0,0,1,.013.064,1.145,1.145,0,0,1-.6.819,5.163,5.163,0,0,1-2.048.48l-.326.006a6.089,6.089,0,0,0-5.928,6.235c0,.051.006.1.006.141v.045a9.414,9.414,0,0,0,.563,2.228,6.166,6.166,0,0,0,1.453,2.324.133.133,0,0,1,.045.051\" transform=\"translate(57.888 1171.111)\" fill=\"#c98b34\"><\/path><path id=\"Trac&#xE9;_2\" data-name=\"Trac&#xE9; 2\" d=\"M247.226,34.524h-.013a.083.083,0,0,1-.083-.058.088.088,0,0,1,.032-.1,9.4,9.4,0,0,0,3.578-7.2,7.77,7.77,0,0,0-1.773-5.953,9.933,9.933,0,0,0-4.839-2.829.088.088,0,0,1-.064-.083.091.091,0,0,1,.058-.09.119.119,0,0,1,.045-.013,9.82,9.82,0,0,1,6.254,1.978,8.8,8.8,0,0,1,2.906,6.254c.224,2.567-.314,4.571-1.594,5.972a7.3,7.3,0,0,1-4.507,2.119m-1.85-.294a8.758,8.758,0,0,1-2.471.813h-.013a.1.1,0,0,1-.09-.07,8.609,8.609,0,0,1,1.171-5.633c2.068-3.623,2.42-7.138.941-9.4a.086.086,0,0,1,.006-.1.088.088,0,0,1,.1-.026,7.958,7.958,0,0,1,3.149,2.112,6.728,6.728,0,0,1,1.5,5.16c-.275,3.438-1.722,5.838-4.3,7.144m-3.3,1.837a9.391,9.391,0,0,0-1.735,2.65h0l-.448.883a.083.083,0,0,1-.077.051h0a.083.083,0,0,1-.077-.051,15.9,15.9,0,0,1-1.293-4.692,8.969,8.969,0,0,1,3.3-8.392c.006-.006.013-.006.019-.013a6.076,6.076,0,0,0,2.925-2.3.089.089,0,0,1,.109-.038.086.086,0,0,1,.058.1A13.015,13.015,0,0,1,243.2,28.9a9.5,9.5,0,0,0-1.255,6.312c0,.006.083.454.16.768a.12.12,0,0,1-.032.09M238.219,38.4a.081.081,0,0,1-.038.006.084.084,0,0,1-.077-.045c-2.362-3.994-2.541-7.272-.525-9.749l.006-.006a5.253,5.253,0,0,1,1.76-1.159.1.1,0,0,1,.109.026.087.087,0,0,1,0,.109,10.073,10.073,0,0,0-1.9,7.438,15.7,15.7,0,0,0,.717,3.258.1.1,0,0,1-.051.122m-1.011-14.461a.084.084,0,0,1,.019-.077,10.5,10.5,0,0,1,1.114-.967,5.923,5.923,0,0,0,1.306-1.216,1.122,1.122,0,0,0,.173-.787l-.006-.032a.069.069,0,0,1,.013-.051.28.28,0,0,1,.032-.051,17.67,17.67,0,0,1,1.229-1.4.081.081,0,0,1,.058-.026,3.1,3.1,0,0,1,3.085,2.33c.32,1.255-.288,2.458-1.7,3.38l-1.133.6c-.3.134-.615.25-.941.358l-.058.019c-.2.1-.455.192-.717.294s-.6.224-.915.371a.081.081,0,0,1-.038.006.082.082,0,0,1-.064-.026,2.313,2.313,0,0,1-.39-.736,1.446,1.446,0,0,0-.4-.679,4.319,4.319,0,0,1-.659-1.319M263,46.047a.077.077,0,0,1,.032-.032,6.145,6.145,0,0,0,1.453-2.324,9.414,9.414,0,0,0,.563-2.228v-.045c0-.045.006-.1.006-.141a6.089,6.089,0,0,0-5.928-6.235l-.326-.006a5.163,5.163,0,0,1-2.048-.48,1.145,1.145,0,0,1-.6-.819.079.079,0,0,1,.013-.064,1.154,1.154,0,0,1,.813-.6,2.027,2.027,0,0,1,1.4.474l.083-.179-2.189-1.818a.583.583,0,0,0-.051.032,2.685,2.685,0,0,0-1.351,1.92,1.743,1.743,0,0,0,.826,1.613,6.975,6.975,0,0,0,1.869.634l.077.019h.013a5.641,5.641,0,0,0,1.127.134l.326.006a5.214,5.214,0,0,1,5.076,5.339,3.979,3.979,0,0,1-.058.647l-.275,1.536a.086.086,0,0,1-.1.07.085.085,0,0,1-.077-.09v-.051c0-.051.006-.1.006-.154a6.364,6.364,0,0,0-6.357-6.357h-.346a5.453,5.453,0,0,1-4.929-3.156.087.087,0,0,1,.019-.1,5.747,5.747,0,0,0,.442-.442c1.5-1.632,2.132-3.918,1.882-6.8a9.8,9.8,0,0,0-3.3-7,10.848,10.848,0,0,0-7.291-2.2.055.055,0,0,1-.038.019,4.6,4.6,0,0,0-.9.16,4.967,4.967,0,0,0-2.234,1.2l-.019.019-.019.019c-.134.134-1.331,1.44-1.652,1.908-.032.256-.077.653-.077.711a.061.061,0,0,1-.013.045.064.064,0,0,0-.006.019,8.086,8.086,0,0,1-1.069.941,7.247,7.247,0,0,0-1.485,1.575,8.656,8.656,0,0,0,.992,2.221c.006.006.013.019.019.026.032.064.077.186.115.275a4.163,4.163,0,0,0,.358.749.088.088,0,0,1-.013.115c-.218.2-.41.39-.6.589a5.2,5.2,0,0,0-1.2,1.632c-1.075,1.786-.717,4.167-.224,5.844a20.208,20.208,0,0,0,3.181,5.972c.1.128.557.7.736.928l.57-.768a.088.088,0,0,1,.115-.006l.819.6c.013.006.019.013.032.019,1.114.685,1.306,2.733,1.338,3.348a.09.09,0,0,1-.07.09l-1.972.352a.474.474,0,0,0-.358.307l-.9,2.849-.2.608h4.705a.45.45,0,0,0,.384-.211l1.4-2.292a.438.438,0,0,0,.07-.192c0-.013.256-1.9.557-3.924a.093.093,0,0,1,.038-.058,4.725,4.725,0,0,1,6.325.781.413.413,0,0,0,.058.051c.006.006.019.019.019.026a6.344,6.344,0,0,0,5.569,3.374l.749-.909-.7-.013a5.457,5.457,0,0,1-5.384-4.7.109.109,0,0,1,.006-.045c.269-.653.422-.89.954-.807l.013-.026-2-.819h-.013l-.25-.1-.013.026a.627.627,0,0,1,.352.634v.019l-.019.4s.032.691.083,1.024a.086.086,0,0,1-.038.09.1.1,0,0,1-.1.006,5.651,5.651,0,0,0-5.307-.243.089.089,0,0,1-.09-.006.083.083,0,0,1-.032-.083c.128-.787.243-1.472.346-2.016a2.89,2.89,0,0,1,.73-1.383l-.09-1.28a3.931,3.931,0,0,0-1.549,2.49c-.154.807-.333,1.895-.538,3.233-.288,1.9-.531,3.694-.576,4.033a.049.049,0,0,1-.013.032l-1.171,1.94a.1.1,0,0,1-.077.045h-3a.08.08,0,0,1-.07-.038.085.085,0,0,1-.013-.077l.557-1.818a.1.1,0,0,1,.07-.064l2.112-.378a.454.454,0,0,0,.378-.448,9.486,9.486,0,0,0-.179-1.767,4.1,4.1,0,0,0-1.588-2.829l-1.011-.749a.091.091,0,0,1-.032-.1c1.812-4.615,3.38-4.628,5.364-4.647a8.337,8.337,0,0,0,3.777-.7,7.748,7.748,0,0,0,1.4-.723.089.089,0,0,1,.07-.013.1.1,0,0,1,.058.045,6.407,6.407,0,0,0,5.659,3.476h.346a5.435,5.435,0,0,1,0,10.87h-6.222a.091.091,0,0,1-.077-.038.1.1,0,0,1-.013-.083l.711-1.856a.14.14,0,0,1,.019-.032l1.05-.986-1.5.115a.445.445,0,0,0-.346.307l-1.28,3.5h7.65A6.374,6.374,0,0,0,263,46.047\" transform=\"translate(11.845 1171.1)\" fill=\"#c98b34\"><\/path><path id=\"Trac&#xE9;_3\" data-name=\"Trac&#xE9; 3\" d=\"M314.562,45.112a2.753,2.753,0,1,1,0-1.908l.045.122h-.954V45h.954Zm27.065,4.9h1.5V45h1.088v1.165h1.5V45h1.914V43.32h-1.914V42.155h-1.5V43.32H321.322a1.407,1.407,0,0,1-1.632-1.37h-1.056v1.37h-2.189l-.013-.07a4.539,4.539,0,1,0,0,1.818l.013-.07h2.189v1.389h1.056a1.412,1.412,0,0,1,1.632-1.376L321.245,45H337.12v5.012h1.408V47.238h.9v2.772h1.293V47.238h.9v2.772Z\" transform=\"translate(-14.132 1163.009)\" fill=\"#c98b34\"><\/path><path id=\"Trac&#xE9;_4\" data-name=\"Trac&#xE9; 4\" d=\"M51.952,44.99h.954V43.319h-.954L52,43.2a2.753,2.753,0,1,1,0,1.908ZM24.938,47.224h.9V50h1.293V47.224h.9V50h1.408V44.984H45.314l-.077.006a1.412,1.412,0,0,1,1.632,1.376h1.056V44.977h2.189l.013.07a4.539,4.539,0,1,0,0-1.818l-.013.07H47.925V41.93H46.869a1.4,1.4,0,0,1-1.632,1.37H22.352V42.135h-1.5V43.3H18.94v1.677h1.914v1.165h1.5V44.977H23.44v5.012h1.5Z\" transform=\"translate(89.692 1163.016)\" fill=\"#c98b34\"><\/path><rect id=\"Rectangle_1\" data-name=\"Rectangle 1\" width=\"5.428\" height=\"5.428\" transform=\"translate(217.222 1207.828) rotate(-45)\" fill=\"#c98b34\"><\/rect><\/g><\/svg><\/div>\n\t\t\t\t\t\t<\/span>\n\t\t<\/div>\n\t\t\t\t\t\t<\/div>\n\t\t\t\t<\/div>\n\t\t\t\t<div class=\"elementor-element elementor-element-9b88d06 ob-harakiri-inherit ob-has-background-overlay elementor-widget elementor-widget-text-editor\" data-id=\"9b88d06\" data-element_type=\"widget\" data-e-type=\"widget\" data-settings=\"{&quot;_ob_use_harakiri&quot;:&quot;yes&quot;,&quot;_ob_harakiri_writing_mode&quot;:&quot;inherit&quot;,&quot;_ob_postman_use&quot;:&quot;no&quot;,&quot;_ob_perspektive_use&quot;:&quot;no&quot;,&quot;_ob_poopart_use&quot;:&quot;yes&quot;,&quot;_ob_shadough_use&quot;:&quot;no&quot;,&quot;_ob_allow_hoveranimator&quot;:&quot;no&quot;,&quot;_ob_widget_stalker_use&quot;:&quot;no&quot;}\" data-widget_type=\"text-editor.default\">\n\t\t\t\t<div class=\"elementor-widget-container\">\n\t\t\t\t\t\t\t\t\t<div class=\"txType1\"><p><span style=\"text-decoration: underline;\">Si est\u00e1 vacunado<\/span>\u00a0:<\/p><p>-Si tiene su PASS SANITAIRE podr\u00e1 acceder a nuestro establecimiento.<br \/>-Si todav\u00eda no tiene su PASS SANITAIRE, (en caso de que se le expida 7 d\u00edas despu\u00e9s de la segunda dosis), entonces se le pedir\u00e1 una PCR o una PRUEBA ANTIG\u00c9NICA de menos de 48 horas.<\/p><p><span style=\"text-decoration: underline;\">Si no est\u00e1 vacunado<\/span>\u00a0:<\/p><p>-Se requerir\u00e1 una prueba de PCR o antig\u00e9nica de menos de 48 horas para acceder a nuestras instalaciones.<br \/>Para las personas de 12 a 17 a\u00f1os, la tarjeta sanitaria es obligatoria a partir del 30 de septiembre de 2021.<br \/>Si lo desea, podemos concertar una cita para una prueba de PCR o de ant\u00edgenos de Covid-19 cuando le convenga.<\/p><p>Adem\u00e1s, hemos reforzado el protocolo de limpieza con desinfectante tanto para las zonas comunes como para las habitaciones, varias veces al d\u00eda, especialmente en lo que respecta a los botones de los ascensores, los pomos de las puertas, las mesas y los interruptores. <br \/>Por \u00faltimo, nos gustar\u00eda informarle de que todo nuestro personal recibe formaci\u00f3n continua sobre nuevos procedimientos y normas de higiene.<\/p><p><span style=\"text-decoration: underline;\">Dentro de toda la instituci\u00f3n<\/span> :<\/p><p>Suministro de dispensadores de gel hidroalcoh\u00f3lico en el hotel<br \/>Es obligatorio el uso de mascarilla en las zonas comunes<br \/>Suministro de mascarillas para las personas que se alojan o visitan el hotel<br \/>Limitar el uso del ascensor a una persona o a un m\u00e1ximo de dos si se comparte la habitaci\u00f3n<br \/>Respetar la distancia social m\u00ednima en cada interacci\u00f3n<br \/>Desinfecci\u00f3n diaria de todas las instalaciones <br \/>Uso por parte de todo el personal del hotel de material preventivo (gel hidroalcoh\u00f3lico, mascarillas, guantes si es necesario)<br \/>Protocolo sanitario estricto de limpieza y desinfecci\u00f3n seg\u00fan las recomendaciones del gobierno franc\u00e9s <br \/>Formaci\u00f3n continua de todos nuestros empleados en el protocolo sanitario<\/p><p><span style=\"text-decoration: underline;\">En la recepci\u00f3n<\/span>\u00a0:<\/p><p>Separador de plexigl\u00e1s en el mostrador de recepci\u00f3n <br \/>Desinfecci\u00f3n de todas las llaves\/tarjetas de las habitaciones <br \/>Desinfecci\u00f3n peri\u00f3dica de los terminales de pago (siempre que sea posible, recomendamos el pago con tarjeta de cr\u00e9dito)<\/p><p><span style=\"text-decoration: underline;\">En las habitaciones y suites<\/span> :<\/p><p>Apertura sistem\u00e1tica de las ventanas para una renovaci\u00f3n constante del aire<br \/>Lavado a alta temperatura de toallas y ropa de cama<br \/>Desinfecci\u00f3n sistem\u00e1tica de las salas<\/p><p><span style=\"text-decoration: underline;\">En la sala de desayunos<\/span> :<\/p><p>- Limitaci\u00f3n del n\u00famero de personas en la sala de desayunos al mismo tiempo <br \/>- Respetar la distancia m\u00ednima entre mesas<br \/>- Desinfecci\u00f3n de las mesas entre cada cliente<\/p><p><span style=\"text-decoration: underline;\">En nuestra zona de bienestar<\/span> :<\/p><p>- Desinfecci\u00f3n de los espacios entre cada cliente<br \/>- Acceso a la sauna y al gimnasio reservado para uso individual de cada hu\u00e9sped <br \/>- Programaci\u00f3n sistem\u00e1tica de citas.<\/p><p>As\u00ed, tendremos siempre el placer de acogerle en el Charles V en el respeto de estas medidas sanitarias y en la continuidad de nuestra calidad de servicio.<\/p><\/div>\t\t\t\t\t\t\t\t<\/div>\n\t\t\t\t<\/div>\n\t\t\t\t\t<\/div>\n\t\t<\/div>\n\t\t\t\t\t<\/div>\n\t\t<\/section>\n\t\t\t\t\t<\/div>\n\t\t<\/div>\n\t\t\t\t\t<\/div>\n\t\t<\/section>\n\t\t\t\t<\/div>","protected":false},"excerpt":{"rendered":"<p>Mesures Sanitaires Mesures sanitaires au Charles V Le bien-\u00eatre et la sant\u00e9 de nos clients sont depuis toujours notre priorit\u00e9. Nous souhaitons continuer \u00e0 proposer une exp\u00e9rience unique et de qualit\u00e9 \u00e0 nos h\u00f4tes, tout en garantissant un cadre s\u00e9curis\u00e9 en cette p\u00e9riode de situation sanitaire exceptionnelle. En ce sens, nous avons \u00e9labor\u00e9 \u00e0 l\u2019h\u00f4tel [&hellip;]<\/p>\n","protected":false},"author":12,"featured_media":0,"parent":0,"menu_order":0,"comment_status":"closed","ping_status":"closed","template":"","meta":{"inline_featured_image":false,"footnotes":""},"class_list":["post-2750","page","type-page","status-publish","hentry"],"_links":{"self":[{"href":"https:\/\/www.hotelcharlesv.fr\/es\/wp-json\/wp\/v2\/pages\/2750","targetHints":{"allow":["GET"]}}],"collection":[{"href":"https:\/\/www.hotelcharlesv.fr\/es\/wp-json\/wp\/v2\/pages"}],"about":[{"href":"https:\/\/www.hotelcharlesv.fr\/es\/wp-json\/wp\/v2\/types\/page"}],"author":[{"embeddable":true,"href":"https:\/\/www.hotelcharlesv.fr\/es\/wp-json\/wp\/v2\/users\/12"}],"replies":[{"embeddable":true,"href":"https:\/\/www.hotelcharlesv.fr\/es\/wp-json\/wp\/v2\/comments?post=2750"}],"version-history":[{"count":19,"href":"https:\/\/www.hotelcharlesv.fr\/es\/wp-json\/wp\/v2\/pages\/2750\/revisions"}],"predecessor-version":[{"id":3541,"href":"https:\/\/www.hotelcharlesv.fr\/es\/wp-json\/wp\/v2\/pages\/2750\/revisions\/3541"}],"wp:attachment":[{"href":"https:\/\/www.hotelcharlesv.fr\/es\/wp-json\/wp\/v2\/media?parent=2750"}],"curies":[{"name":"wp","href":"https:\/\/api.w.org\/{rel}","templated":true}]}}